{"id":2828,"date":"2018-07-05T18:33:14","date_gmt":"2018-07-05T18:33:14","guid":{"rendered":"https:\/\/ths.nmstaging.co.uk\/un-fournisseur-de-reference-en-textiles-industriels-au-royaume-uni-et-en-europe\/"},"modified":"2026-04-10T12:17:50","modified_gmt":"2026-04-10T12:17:50","slug":"un-fournisseur-de-reference-en-textiles-industriels-au-royaume-uni-et-en-europe","status":"publish","type":"page","link":"https:\/\/ths.nmstaging.co.uk\/fr\/un-fournisseur-de-reference-en-textiles-industriels-au-royaume-uni-et-en-europe\/","title":{"rendered":"Un fournisseur de r\u00e9f\u00e9rence en textiles industriels au Royaume-Uni et en Europe"},"content":{"rendered":"&#13;\n<p>THS s&rsquo;impose comme un fournisseur de r\u00e9f\u00e9rence en mati\u00e8re de textiles <a href=\"https:\/\/www.thstextiles.co.uk\/sectors\/\">industriels<\/a>, intervenant dans un large \u00e9ventail de secteurs d&rsquo;activit\u00e9, et plus particuli\u00e8rement dans la fabrication et la fourniture de produits destin\u00e9s aux march\u00e9s de l&rsquo;isolation thermique et de la protection contre l&rsquo;incendie. Fabricant britannique implant\u00e9 sur notre site d&rsquo;Elland, nous approvisionnons nos clients au Royaume-Uni, en Europe et \u00e0 l&rsquo;international.<\/p>&#13;\n<p>Depuis 1985, THS fournit des produits textiles pour les applications les plus exigeantes, fort d&rsquo;un savoir-faire cumul\u00e9 de plus de 150 ans d&rsquo;expertise technique et sectorielle au sein de nos \u00e9quipes. Qu&rsquo;il s&rsquo;agisse de vous conseiller sur les produits de notre vaste gamme standard de textiles tiss\u00e9s <a href=\"https:\/\/www.thstextiles.co.uk\/products\/woven-glass\/\">en verre<\/a>, en <a href=\"https:\/\/www.thstextiles.co.uk\/products\/woven-silica\/\">silice<\/a> et en <a href=\"https:\/\/www.thstextiles.co.uk\/products\/woven-aramid-300c\/\">aramide<\/a>, ou de collaborer avec vous au d\u00e9veloppement de nouvelles solutions r\u00e9pondant \u00e0 des cahiers des charges rigoureux, notre expertise approfondie et nos sp\u00e9cialistes techniques nous permettent d&rsquo;identifier avec confiance les solutions et les produits les mieux adapt\u00e9s \u00e0 vos applications.<\/p>&#13;\n","protected":false},"excerpt":{"rendered":"<p>&#13; THS s&rsquo;impose comme un fournisseur de r\u00e9f\u00e9rence en mati\u00e8re de textiles industriels, intervenant dans un large \u00e9ventail de secteurs d&rsquo;activit\u00e9, et plus particuli\u00e8rement dans la fabrication et la fourniture de produits destin\u00e9s aux march\u00e9s de l&rsquo;isolation thermique et de la protection contre l&rsquo;incendie. Fabricant britannique implant\u00e9 sur notre site d&rsquo;Elland, nous approvisionnons nos clients [&hellip;]<\/p>\n","protected":false},"author":1,"featured_media":0,"parent":0,"menu_order":0,"comment_status":"closed","ping_status":"closed","template":"","meta":{"_acf_changed":false,"footnotes":""},"class_list":["post-2828","page","type-page","status-publish","hentry"],"acf":[],"_links":{"self":[{"href":"https:\/\/ths.nmstaging.co.uk\/fr\/wp-json\/wp\/v2\/pages\/2828","targetHints":{"allow":["GET"]}}],"collection":[{"href":"https:\/\/ths.nmstaging.co.uk\/fr\/wp-json\/wp\/v2\/pages"}],"about":[{"href":"https:\/\/ths.nmstaging.co.uk\/fr\/wp-json\/wp\/v2\/types\/page"}],"author":[{"embeddable":true,"href":"https:\/\/ths.nmstaging.co.uk\/fr\/wp-json\/wp\/v2\/users\/1"}],"replies":[{"embeddable":true,"href":"https:\/\/ths.nmstaging.co.uk\/fr\/wp-json\/wp\/v2\/comments?post=2828"}],"version-history":[{"count":1,"href":"https:\/\/ths.nmstaging.co.uk\/fr\/wp-json\/wp\/v2\/pages\/2828\/revisions"}],"predecessor-version":[{"id":2843,"href":"https:\/\/ths.nmstaging.co.uk\/fr\/wp-json\/wp\/v2\/pages\/2828\/revisions\/2843"}],"wp:attachment":[{"href":"https:\/\/ths.nmstaging.co.uk\/fr\/wp-json\/wp\/v2\/media?parent=2828"}],"curies":[{"name":"wp","href":"https:\/\/api.w.org\/{rel}","templated":true}]}}